{"id":407,"date":"2022-11-19T09:20:00","date_gmt":"2022-11-19T08:20:00","guid":{"rendered":"https:\/\/lfiebeyrouth.aflec-fr.org\/?page_id=407"},"modified":"2025-02-03T10:54:03","modified_gmt":"2025-02-03T09:54:03","slug":"mot-de-la-proviseure","status":"publish","type":"page","link":"https:\/\/lfiebeyrouth.aflec-fr.org\/?page_id=407","title":{"rendered":"MOT DE LA PROVISEURE"},"content":{"rendered":"\n<p><strong>N<\/strong>otre enseignement, dispens\u00e9 dans une ambiance familiale , repose sur la bienveillance (Well-being) et le suivi individualis\u00e9 de nos \u00e9l\u00e8ves, d\u2019o\u00f9 les excellents r\u00e9sultats aux examens fran\u00e7ais et libanais&nbsp;: 100% de r\u00e9ussite aux baccalaur\u00e9ats, avec de nombreuses mentions, ainsi qu\u2019aux examens du brevet.<\/p>\n\n\n\n<p>Cette grande r\u00e9ussite est le fruit du travail des \u00e9l\u00e8ves, guid\u00e9s et soutenus par leurs enseignants qui sont r\u00e9guli\u00e8rement form\u00e9s par des Inspecteurs G\u00e9n\u00e9raux de l\u2019\u00e9ducation nationale fran\u00e7aise (groupe Assurance Qualit\u00e9 de l\u2019AFLEC) et dans le cadre de la formation continue (AEFE et MLF).<\/p>\n\n\n\n<p>Les professeurs s\u2019attachent \u00e0 d\u00e9velopper dans leurs classes le go\u00fbt de l\u2019effort, le respect, l\u2019entraide, la curiosit\u00e9.<\/p>\n\n\n\n<p>La ma\u00eetrise de la langue orale et \u00e9crite enrichit nos \u00e9l\u00e8ves du point de vue linguistique et culturel \u00e0 travers, entre autres, la d\u00e9couverte des grands auteurs francophones. Nous voulons qu\u2019ils engagent un rapport affectif \u00e0 la langue fran\u00e7aise, qu\u2019 ils \u00e9prouvent un amour pour elle \u00e0 travers les chants, le th\u00e9\u00e2tre, la po\u00e9sie\u2026<\/p>\n\n\n\n<p>Le<strong> <\/strong>partenariat avec l\u2019Ecole Active Bilingue Jeannine Manuel &nbsp;(Paris, Londres) nous a permis de renforcer nos comp\u00e9tences dans l\u2019enseignement de l\u2019anglais, d\u00e8s la classe de petite section maternelle. Nous nous sommes appuy\u00e9s sur leur r\u00e9ussite et leur longue exp\u00e9rience pour introduire l\u2019apprentissage pr\u00e9coce de la lecture en fran\u00e7ais , en classe de grande section maternelle.<\/p>\n\n\n\n<p>Nos coll\u00e9giens et lyc\u00e9ens participent activement \u00e0 la vie de l\u2019\u00e9tablissement en s\u2019impliquant dans le Comit\u00e9 de la Vie Coll\u00e9gienne et Lyc\u00e9enne et \u00e9changent avec les d\u00e9l\u00e9gu\u00e9s d\u2019\u00e9l\u00e8ves de l\u2019\u00e9cole afin de proposer des projets qui les motivent, comme l\u2019\u00e9ducation au d\u00e9veloppement durable.<\/p>\n\n\n\n<p>D\u00e8s cette ann\u00e9e, nous proposons une nouvelle offre de formation&nbsp;nouvelle au niveau du cycle terminal&nbsp;. En effet, le Minist\u00e8re fran\u00e7ais de l\u2019\u00c9ducation nationale a approuv\u00e9 notre demande d\u2019ouverture d\u2019une section am\u00e9ricaine du Bac Fran\u00e7ais International. &nbsp;Les \u00e9l\u00e8ves de classe de premi\u00e8re, &nbsp;inscrits \u00e0 cette rentr\u00e9e dans ce dispositif pr\u00e9pareront pendant leurs deux ann\u00e9es du cycle terminal cette option trilingue fran\u00e7ais, am\u00e9ricain, arabe, en vue de la premi\u00e8re session de l\u2019examen B.F.I en 2024. &nbsp;Ainsi, nos \u00e9l\u00e8ves r\u00e9investissent les connaissances et comp\u00e9tences acquises tout au long de leurs ann\u00e9es d\u2019enseignement.<\/p>\n\n\n\n<p>Cette formation trilingue dipl\u00f4mante, les fait \u00e9galement entrer dans le monde de l\u2019entreprise, dans le milieu associatif, les ONG\u2026 par le projet partenarial qu\u2019ils doivent faire vivre.&nbsp; Le BFI offre des possibilit\u00e9s d\u2019inscription dans les universit\u00e9s de nombreux pays dans le monde, ce qui constitue un atout s\u00e9rieux pour l\u2019orientation.<\/p>\n\n\n\n<p>Le choix de promouvoir l\u2019enseignement scientifique \u00e0 travers la m\u00e9thode de Singapour en math\u00e9matiques en primaire et de renforcer la d\u00e9marche exp\u00e9rimentale \u00e0 tous les niveaux d\u2019enseignement permettra, je le souhaite, tant aux filles qu\u2019aux gar\u00e7ons de r\u00e9ussir de belles carri\u00e8res . Dans un monde \u00e9voluant tr\u00e8s rapidement, &nbsp;notre objectif est&nbsp; &nbsp;de continuer \u00e0 d\u00e9velopper l\u2019autonomie des \u00e9l\u00e8ves par l\u2019utilisation num\u00e9rique, sans oublier l\u2019\u00e9ducation aux m\u00e9dias qui leur donne les outils pour devenir des citoyens responsables. .<\/p>\n\n\n\n<p>Comme vous le constatez , ces quelques exemples traduisent ma volont\u00e9 de poursuivre le d\u00e9veloppement de notre \u00e9tablissement, \u00e0 Beyrouth et Bchamoun.<\/p>\n\n\n\n<p>Mon ambition est d\u2019accompagner les \u00e9l\u00e8ves dans leur r\u00e9ussite et de les aider \u00e0 commencer \u00e0 dessiner leur avenir. Pour cela, je sais pouvoir compter sur une \u00e9quipe tr\u00e8s stable et bien form\u00e9e.<\/p>\n\n\n\n<p class=\"has-text-align-right has-black-color has-text-color\">Michelle GAZAL<\/p>\n","protected":false},"excerpt":{"rendered":"<p>Notre enseignement, dispens\u00e9 dans une ambiance familiale , repose sur la bienveillance (Well-being) et le suivi individualis\u00e9 de nos \u00e9l\u00e8ves, &hellip; <\/p>\n","protected":false},"author":1,"featured_media":0,"parent":0,"menu_order":0,"comment_status":"closed","ping_status":"closed","template":"","meta":{"footnotes":""},"class_list":["post-407","page","type-page","status-publish","hentry"],"_links":{"self":[{"href":"https:\/\/lfiebeyrouth.aflec-fr.org\/index.php?rest_route=\/wp\/v2\/pages\/407","targetHints":{"allow":["GET"]}}],"collection":[{"href":"https:\/\/lfiebeyrouth.aflec-fr.org\/index.php?rest_route=\/wp\/v2\/pages"}],"about":[{"href":"https:\/\/lfiebeyrouth.aflec-fr.org\/index.php?rest_route=\/wp\/v2\/types\/page"}],"author":[{"embeddable":true,"href":"https:\/\/lfiebeyrouth.aflec-fr.org\/index.php?rest_route=\/wp\/v2\/users\/1"}],"replies":[{"embeddable":true,"href":"https:\/\/lfiebeyrouth.aflec-fr.org\/index.php?rest_route=%2Fwp%2Fv2%2Fcomments&post=407"}],"version-history":[{"count":10,"href":"https:\/\/lfiebeyrouth.aflec-fr.org\/index.php?rest_route=\/wp\/v2\/pages\/407\/revisions"}],"predecessor-version":[{"id":1295,"href":"https:\/\/lfiebeyrouth.aflec-fr.org\/index.php?rest_route=\/wp\/v2\/pages\/407\/revisions\/1295"}],"wp:attachment":[{"href":"https:\/\/lfiebeyrouth.aflec-fr.org\/index.php?rest_route=%2Fwp%2Fv2%2Fmedia&parent=407"}],"curies":[{"name":"wp","href":"https:\/\/api.w.org\/{rel}","templated":true}]}}