{"id":416,"date":"2022-11-19T10:51:00","date_gmt":"2022-11-19T09:51:00","guid":{"rendered":"https:\/\/lfiebeyrouth.aflec-fr.org\/?page_id=416"},"modified":"2022-12-16T08:56:59","modified_gmt":"2022-12-16T07:56:59","slug":"a-propos-de-nous","status":"publish","type":"page","link":"https:\/\/lfiebeyrouth.aflec-fr.org\/?page_id=416","title":{"rendered":"\u00c0 PROPOS DE NOUS"},"content":{"rendered":"\n<p><strong>Le Lyc\u00e9e fran\u00e7ais international Elite de Beyrouth et son annexe de Bchamoun <\/strong>est un \u00e9tablissement scolaire fran\u00e7ais au Liban qui fait partie du r\u00e9seau de l\u2019Association franco-libanaise pour l\u2019\u00e9ducation et la culture (AFLEC) et du groupe ELITE, partenaire de la mission la\u00efque fran\u00e7aise (MLF) , conventionn\u00e9 avec l\u2019 AEFE (Agence pour l\u2019Enseignement Fran\u00e7ais \u00e0 l\u2019\u00c9tranger)<strong>.<\/strong><\/p>\n\n\n<div class=\"wp-block-image\">\n<figure class=\"aligncenter size-large is-resized\"><img fetchpriority=\"high\" decoding=\"async\" src=\"https:\/\/lfiebeyrouth.aflec-fr.org\/wp-content\/uploads\/2022\/11\/aflec-aefe-mlf-elite-1024x231.jpg\" alt=\"\" class=\"wp-image-417\" width=\"724\" height=\"163\" srcset=\"https:\/\/lfiebeyrouth.aflec-fr.org\/wp-content\/uploads\/2022\/11\/aflec-aefe-mlf-elite-1024x231.jpg 1024w, https:\/\/lfiebeyrouth.aflec-fr.org\/wp-content\/uploads\/2022\/11\/aflec-aefe-mlf-elite-300x68.jpg 300w, https:\/\/lfiebeyrouth.aflec-fr.org\/wp-content\/uploads\/2022\/11\/aflec-aefe-mlf-elite-768x173.jpg 768w, https:\/\/lfiebeyrouth.aflec-fr.org\/wp-content\/uploads\/2022\/11\/aflec-aefe-mlf-elite-1536x346.jpg 1536w, https:\/\/lfiebeyrouth.aflec-fr.org\/wp-content\/uploads\/2022\/11\/aflec-aefe-mlf-elite-2048x461.jpg 2048w, https:\/\/lfiebeyrouth.aflec-fr.org\/wp-content\/uploads\/2022\/11\/aflec-aefe-mlf-elite-200x45.jpg 200w\" sizes=\"(max-width: 724px) 100vw, 724px\" \/><\/figure>\n<\/div>\n\n\n<p><strong>Niveaux d\u2019enseignement<\/strong>&nbsp;:<\/p>\n\n\n\n<p>De la maternelle \u00e0 la terminale \u00e0 Beyrouth&nbsp;; de la maternelle \u00e0 la 3<sup>\u00e8me<\/sup> \u00e0 Bchamoun<\/p>\n\n\n\n<div style=\"height:39px\" aria-hidden=\"true\" class=\"wp-block-spacer\"><\/div>\n\n\n\n<p class=\"has-text-align-center\"><br><strong>Langues enseign\u00e9es :<\/strong><\/p>\n\n\n<div class=\"wp-block-image\">\n<figure class=\"aligncenter size-large is-resized\"><img decoding=\"async\" src=\"https:\/\/lfiebeyrouth.aflec-fr.org\/wp-content\/uploads\/2022\/11\/langues-1-1024x282.jpg\" alt=\"\" class=\"wp-image-419\" width=\"738\" height=\"203\" srcset=\"https:\/\/lfiebeyrouth.aflec-fr.org\/wp-content\/uploads\/2022\/11\/langues-1-1024x282.jpg 1024w, https:\/\/lfiebeyrouth.aflec-fr.org\/wp-content\/uploads\/2022\/11\/langues-1-300x83.jpg 300w, https:\/\/lfiebeyrouth.aflec-fr.org\/wp-content\/uploads\/2022\/11\/langues-1-768x211.jpg 768w, https:\/\/lfiebeyrouth.aflec-fr.org\/wp-content\/uploads\/2022\/11\/langues-1-1536x423.jpg 1536w, https:\/\/lfiebeyrouth.aflec-fr.org\/wp-content\/uploads\/2022\/11\/langues-1-2048x563.jpg 2048w, https:\/\/lfiebeyrouth.aflec-fr.org\/wp-content\/uploads\/2022\/11\/langues-1-200x55.jpg 200w\" sizes=\"(max-width: 738px) 100vw, 738px\" \/><\/figure>\n<\/div>\n\n\n<div style=\"height:70px\" aria-hidden=\"true\" class=\"wp-block-spacer\"><\/div>\n\n\n\n<p><strong>Dipl\u00f4mes pr\u00e9par\u00e9s :<\/strong><br>Dipl\u00f4me national du Brevet fran\u00e7ais<br>Brevet libanais<br>Baccalaur\u00e9at fran\u00e7ais Baccalaur\u00e9at Fran\u00e7ais International (BFI) section am\u00e9ricaine trilingue fran\u00e7ais, anglais am\u00e9ricain et arabe<br>Baccalaur\u00e9at libanais<br>Certification Cambridge<\/p>\n\n\n\n<p>En effet, \u00e0 la fin du coll\u00e8ge, en classe de 3<sup>\u00e8me<\/sup> , nos \u00e9l\u00e8ves pr\u00e9sentent les examens du<strong>&nbsp;brevet fran\u00e7ais et libanais et le certificat de niveau anglais de Cambridge<\/strong>&nbsp;;<br>\u00c0 la fin du secondaire, en 1<sup>\u00e8re<\/sup> et terminale, ils passent les&nbsp;<strong>dipl\u00f4mes de baccalaur\u00e9at fran\u00e7ais et libanais&nbsp;<\/strong>et pour certains \u00e9l\u00e8ves <strong>le<\/strong> <strong>baccalaur\u00e9at fran\u00e7ais international<\/strong>&nbsp;; ils sont ainsi pr\u00eats \u00e0 entrer dans les universit\u00e9s du monde entier.<\/p>\n\n\n\n<p><strong>OBJECTIFS ET MISSIONS<\/strong><br>Nous voulons que nos \u00e9l\u00e8ves&nbsp;:<\/p>\n\n\n\n<ul class=\"wp-block-list\">\n<li>Communiquent dans de&nbsp;<strong>nombreuses langues&nbsp;<\/strong>pour pouvoir se connecter \u00e0 de&nbsp;<strong>nombreuses cultures.<\/strong><\/li>\n\n\n\n<li>Acqui\u00e8rent&nbsp; <strong>&nbsp;les meilleures connaissances scientifiques<\/strong>&nbsp;possibles gr\u00e2ce \u00e0 la d\u00e9marche exp\u00e9rimentale.<\/li>\n\n\n\n<li>Pratiquent&nbsp;<strong>les nouvelles technologies de recherche et de communication<\/strong><\/li>\n<\/ul>\n\n\n\n<p><strong>LA MATERNELLE FRANCAISE TRILINGUE<\/strong><\/p>\n\n\n\n<p>Notre \u00e9cole maternelle offre d\u00e8s l\u2019\u00e2ge de 3 ans un enseignement trilingue Fran\u00e7ais Anglais Arabe. Sous certaines conditions les enfants de 2 \u00e0 3 ans peuvent y \u00eatre accueillis. Dans un environnement de qualit\u00e9 l\u2019enfant<strong>, par le jeu,<\/strong> acquiert les 5 domaines d\u2019apprentissage&nbsp;<\/p>\n\n\n\n<p>1. Le langage<\/p>\n\n\n\n<p>2. L\u2019activit\u00e9 physique&nbsp;<\/p>\n\n\n\n<p>3. Les activit\u00e9s artistiques&nbsp;<\/p>\n\n\n\n<p>4. Les premiers outils pour construire sa pens\u00e9e&nbsp;<\/p>\n\n\n\n<p>5 Explorer le monde<\/p>\n\n\n\n<p>Notre objectif est de faire aimer l\u2019\u00e9cole maternelle , ce que l\u2019on d\u00e9signe par la formule &nbsp;\u00ab&nbsp;un attachement r\u00e9ussi&nbsp;\u00bb pour que ces jeunes enfants entrent dans des apprentissages en fran\u00e7ais, anglais et arabe en \u00e9tant heureux.<\/p>\n\n\n\n<p>Le dialogue avec les parents est tr\u00e8s important et nous ouvrons nos classes pour qu\u2019ils viennent voir notre enseignement si r\u00e9put\u00e9.<\/p>\n\n\n\n<p><strong>Une \u00e9cole \u00abpilote\u00bb: Les \u00e9l\u00e8ves apprennent \u00e0 lire en fran\u00e7ais d\u00e8s la classe de grande section (comme \u00e0 l\u2019\u00c9cole Bilingue Jeannine Manuel , \u00e0 Paris)<\/strong>.<\/p>\n\n\n<div class=\"wp-block-image\">\n<figure class=\"aligncenter size-full\"><img decoding=\"async\" width=\"274\" height=\"134\" src=\"https:\/\/lfiebeyrouth.aflec-fr.org\/wp-content\/uploads\/2022\/11\/3-langues-3-cultures.jpg\" alt=\"\" class=\"wp-image-420\" srcset=\"https:\/\/lfiebeyrouth.aflec-fr.org\/wp-content\/uploads\/2022\/11\/3-langues-3-cultures.jpg 274w, https:\/\/lfiebeyrouth.aflec-fr.org\/wp-content\/uploads\/2022\/11\/3-langues-3-cultures-200x98.jpg 200w\" sizes=\"(max-width: 274px) 100vw, 274px\" \/><\/figure>\n<\/div>\n\n\n<h3 class=\"wp-block-heading\"><strong>L\u2019ECOLE \u00c9L\u00c9MENTAIRE TRILINGUE<\/strong><\/h3>\n\n\n\n<p>L\u2019objectif principal de l\u2019\u00e9cole \u00e9l\u00e9mentaire, qui accueille les enfants de 6 \u00e0 11 ans, est de leur enseigner les savoirs fondamentaux pour les pr\u00e9parer au coll\u00e8ge.<\/p>\n\n\n\n<p>L\u2019apprentissage de la&nbsp;<a href=\"https:\/\/fr.m.wikipedia.org\/wiki\/Lecture\">lecture<\/a>&nbsp;(lire), de l\u2019<a href=\"https:\/\/fr.m.wikipedia.org\/wiki\/%C3%89criture\">\u00e9criture<\/a>&nbsp;(\u00e9crire) et du&nbsp;<a href=\"https:\/\/fr.m.wikipedia.org\/wiki\/Calcul_(math%C3%A9matiques)\">calcul<\/a>&nbsp;(compter) sont bien s\u00fbr prioritaires mais les activit\u00e9s artistiques, sportives et ludiques restent importantes.<\/p>\n\n\n\n<p>Notre \u00e9cole propose un enseignement de qualit\u00e9 en 3 langues Fran\u00e7ais Anglais Arabe avec la mise en place une heure par semaine d\u2019un accompagnement personnalis\u00e9 (Activit\u00e9s P\u00e9dagogiques Compl\u00e9mentaires)<\/p>\n\n\n\n<p>Nous voulons que tous participent\u00e0 la&nbsp;vie de leur \u00e9tablissement et pour cela nous avons organis\u00e9 un conseil de d\u00e9l\u00e9gu\u00e9s d\u2019\u00e9l\u00e8ves .&nbsp; Les classes du CP au CM2 ont \u00e9lu 2 d\u00e9l\u00e9gu\u00e9s qui les repr\u00e9sentent , 1 gar\u00e7on et 1 fille et nous les r\u00e9unissons tous les deux mois pour \u00e9changer.<\/p>\n\n\n\n<p>Le coll\u00e8ge marque l\u2019entr\u00e9e des \u00e9l\u00e8ves dans le secondaire. Le passage s\u2019effectue en douceur gr\u00e2ce \u00e0 la liaison CM2 \/6<sup>\u00e8me<\/sup> qui propose des \u00e9changes r\u00e9guliers entre \u00e9l\u00e8ves et enseignants. Nous mettons en \u0153uvre les programmes fran\u00e7ais et l\u2019enseignement des langues se d\u00e9ploie avec l\u2019objectif d\u2019obtenir des certifications (Cambridge, et prochainement DELF junior et scolaire)<\/p>\n\n\n\n<p><strong>LE COLL\u00c8GE<\/strong><\/p>\n\n\n\n<p>L\u2019accompagnement personnalis\u00e9 mis en place s\u2019inscrit dans le cadre des enseignements compl\u00e9mentaires propos\u00e9s \u00e0 l\u2019ensemble des \u00e9l\u00e8ves.<\/p>\n\n\n\n<div style=\"height:56px\" aria-hidden=\"true\" class=\"wp-block-spacer\"><\/div>\n\n\n\n<p><strong>LE LYC\u00c9E<\/strong><\/p>\n\n\n<div class=\"wp-block-image\">\n<figure class=\"aligncenter size-full is-resized\"><img loading=\"lazy\" decoding=\"async\" src=\"https:\/\/lfiebeyrouth.aflec-fr.org\/wp-content\/uploads\/2022\/08\/istockphoto-1371896330-170667a.jpg\" alt=\"\" class=\"wp-image-42\" width=\"380\" height=\"253\"\/><\/figure>\n<\/div>\n\n\n<p>La scolarit\u00e9 comporte des enseignements communs \u00e0 tous les \u00e9l\u00e8ves , des enseignements de sp\u00e9cialit\u00e9 obligatoires au choix et des enseignements optionnels au choix. Au terme de la classe de premi\u00e8re, les \u00e9l\u00e8ves passent l\u2019\u00e9preuve anticip\u00e9e de fran\u00e7ais. Nous pr\u00e9parons le Bac Fran\u00e7ais International section am\u00e9ricaine d\u00e8s la classe de seconde car ce dipl\u00f4me trilingue (fran\u00e7ais, anglais, arabe) est tr\u00e8s adapt\u00e9 aux \u00e9tablissements fran\u00e7ais \u00e0 l\u2019\u00e9tranger et offre de nombreuses opportunit\u00e9s pour la scolarit\u00e9 post-bac dans les universit\u00e9s du monde entier.<\/p>\n","protected":false},"excerpt":{"rendered":"<p>Le Lyc\u00e9e fran\u00e7ais international Elite de Beyrouth et son annexe de Bchamoun est un \u00e9tablissement scolaire fran\u00e7ais au Liban qui &hellip; <\/p>\n","protected":false},"author":1,"featured_media":0,"parent":0,"menu_order":0,"comment_status":"closed","ping_status":"closed","template":"","meta":{"footnotes":""},"class_list":["post-416","page","type-page","status-publish","hentry"],"_links":{"self":[{"href":"https:\/\/lfiebeyrouth.aflec-fr.org\/index.php?rest_route=\/wp\/v2\/pages\/416","targetHints":{"allow":["GET"]}}],"collection":[{"href":"https:\/\/lfiebeyrouth.aflec-fr.org\/index.php?rest_route=\/wp\/v2\/pages"}],"about":[{"href":"https:\/\/lfiebeyrouth.aflec-fr.org\/index.php?rest_route=\/wp\/v2\/types\/page"}],"author":[{"embeddable":true,"href":"https:\/\/lfiebeyrouth.aflec-fr.org\/index.php?rest_route=\/wp\/v2\/users\/1"}],"replies":[{"embeddable":true,"href":"https:\/\/lfiebeyrouth.aflec-fr.org\/index.php?rest_route=%2Fwp%2Fv2%2Fcomments&post=416"}],"version-history":[{"count":4,"href":"https:\/\/lfiebeyrouth.aflec-fr.org\/index.php?rest_route=\/wp\/v2\/pages\/416\/revisions"}],"predecessor-version":[{"id":530,"href":"https:\/\/lfiebeyrouth.aflec-fr.org\/index.php?rest_route=\/wp\/v2\/pages\/416\/revisions\/530"}],"wp:attachment":[{"href":"https:\/\/lfiebeyrouth.aflec-fr.org\/index.php?rest_route=%2Fwp%2Fv2%2Fmedia&parent=416"}],"curies":[{"name":"wp","href":"https:\/\/api.w.org\/{rel}","templated":true}]}}