{"id":439,"date":"2022-11-25T13:31:37","date_gmt":"2022-11-25T12:31:37","guid":{"rendered":"https:\/\/lfiebeyrouth.aflec-fr.org\/?page_id=439"},"modified":"2022-12-16T08:56:35","modified_gmt":"2022-12-16T07:56:35","slug":"assurance-qualite-2","status":"publish","type":"page","link":"https:\/\/lfiebeyrouth.aflec-fr.org\/?page_id=439","title":{"rendered":"Assurance Qualit\u00e9"},"content":{"rendered":"\n<p>Le service p\u00e9dagogie et assurance-qualit\u00e9 de l\u2019AFLEC-Groupe ELITE a \u00e9t\u00e9 cr\u00e9\u00e9 pour aider les \u00e9tablissements de l\u2019AFLEC \u00e0 renforcer la qualit\u00e9 des enseignements dispens\u00e9s et d\u2019une mani\u00e8re g\u00e9n\u00e9rale \u00e0 am\u00e9liorer leur fonctionnement et leur image, le but recherch\u00e9 \u00e9tant l\u2019excellence de l\u2019\u00e9tablissement.<\/p>\n\n\n<div class=\"wp-block-image\">\n<figure class=\"aligncenter size-full\"><img fetchpriority=\"high\" decoding=\"async\" width=\"685\" height=\"283\" src=\"https:\/\/lfiebeyrouth.aflec-fr.org\/wp-content\/uploads\/2022\/11\/Untitled-3.jpg\" alt=\"\" class=\"wp-image-443\" srcset=\"https:\/\/lfiebeyrouth.aflec-fr.org\/wp-content\/uploads\/2022\/11\/Untitled-3.jpg 685w, https:\/\/lfiebeyrouth.aflec-fr.org\/wp-content\/uploads\/2022\/11\/Untitled-3-300x124.jpg 300w, https:\/\/lfiebeyrouth.aflec-fr.org\/wp-content\/uploads\/2022\/11\/Untitled-3-200x83.jpg 200w\" sizes=\"(max-width: 685px) 100vw, 685px\" \/><\/figure>\n<\/div>\n\n\n<p>Il s\u2019assure notamment de la mise en \u0153uvre g\u00e9n\u00e9ralis\u00e9e des axes strat\u00e9giques d\u00e9finis par l\u2019association. La d\u00e9marche s\u2019appuie sur une auto-\u00e9valuation des \u00e9tablissements prenant pour r\u00e9f\u00e9rence les th\u00e9matiques sur lesquelles il leur para\u00eet important de se situer relativement<br>\u2013 aux axes strat\u00e9giques de l\u2019association,<br>\u2013 aux demandes du minist\u00e8re de l\u2019\u00e9ducation nationale du pays d\u2019accueil,<br>\u2013 aux attentes des parents, en particulier un enseignement d\u2019excellente qualit\u00e9 dispens\u00e9 de mani\u00e8re homog\u00e8ne par tous les ma\u00eetres,<br>\u2013 aux attentes de l\u2019employeur, notamment l\u2019utilisation optimale des moyens engag\u00e9s.<\/p>\n\n\n\n<p>C\u2019est dans ce cadre qu\u2019il est apparu n\u00e9cessaire de renforcer l\u2019encadrement p\u00e9dagogique des \u00e9tablissements pour assurer un pilotage plus proche des \u00e9quipes enseignantes et plus r\u00e9actif. Un encadrement interm\u00e9diaire a donc \u00e9t\u00e9 cr\u00e9\u00e9 dans les \u00e9tablissements du r\u00e9seau, garant de la mise en \u0153uvre de la d\u00e9marche d\u2019assurance qualit\u00e9. Il est constitu\u00e9 de personnes ressources, relais identifi\u00e9s et missionn\u00e9s comme tels, responsables de cycle, chefs de d\u00e9partement disciplinaire ou conseillers p\u00e9dagogiques. Le service p\u00e9dagogie et assurance qualit\u00e9 intervient en appui de la d\u00e9marche d\u2019auto- \u00e9valuation conduite en interne sous la responsabilit\u00e9 du chef d\u2019\u00e9tablissement. <\/p>\n\n\n\n<p>Son regard ext\u00e9rieur \u00e9claire cette analyse de mani\u00e8re \u00e0 l\u2019enrichir et \u00e0 la valoriser.<\/p>\n","protected":false},"excerpt":{"rendered":"<p>Le service p\u00e9dagogie et assurance-qualit\u00e9 de l\u2019AFLEC-Groupe ELITE a \u00e9t\u00e9 cr\u00e9\u00e9 pour aider les \u00e9tablissements de l\u2019AFLEC \u00e0 renforcer la &hellip; <\/p>\n","protected":false},"author":1,"featured_media":0,"parent":0,"menu_order":0,"comment_status":"closed","ping_status":"closed","template":"","meta":{"footnotes":""},"class_list":["post-439","page","type-page","status-publish","hentry"],"_links":{"self":[{"href":"https:\/\/lfiebeyrouth.aflec-fr.org\/index.php?rest_route=\/wp\/v2\/pages\/439","targetHints":{"allow":["GET"]}}],"collection":[{"href":"https:\/\/lfiebeyrouth.aflec-fr.org\/index.php?rest_route=\/wp\/v2\/pages"}],"about":[{"href":"https:\/\/lfiebeyrouth.aflec-fr.org\/index.php?rest_route=\/wp\/v2\/types\/page"}],"author":[{"embeddable":true,"href":"https:\/\/lfiebeyrouth.aflec-fr.org\/index.php?rest_route=\/wp\/v2\/users\/1"}],"replies":[{"embeddable":true,"href":"https:\/\/lfiebeyrouth.aflec-fr.org\/index.php?rest_route=%2Fwp%2Fv2%2Fcomments&post=439"}],"version-history":[{"count":3,"href":"https:\/\/lfiebeyrouth.aflec-fr.org\/index.php?rest_route=\/wp\/v2\/pages\/439\/revisions"}],"predecessor-version":[{"id":529,"href":"https:\/\/lfiebeyrouth.aflec-fr.org\/index.php?rest_route=\/wp\/v2\/pages\/439\/revisions\/529"}],"wp:attachment":[{"href":"https:\/\/lfiebeyrouth.aflec-fr.org\/index.php?rest_route=%2Fwp%2Fv2%2Fmedia&parent=439"}],"curies":[{"name":"wp","href":"https:\/\/api.w.org\/{rel}","templated":true}]}}