{"id":476,"date":"2022-11-29T07:32:40","date_gmt":"2022-11-29T06:32:40","guid":{"rendered":"https:\/\/lfiebeyrouth.aflec-fr.org\/?page_id=476"},"modified":"2022-11-29T07:37:04","modified_gmt":"2022-11-29T06:37:04","slug":"lea-valeurs-de-laflec","status":"publish","type":"page","link":"https:\/\/lfiebeyrouth.aflec-fr.org\/?page_id=476","title":{"rendered":"Les valeurs de l&rsquo;AFLEC"},"content":{"rendered":"<div class=\"wp-block-image\">\n<figure class=\"aligncenter size-full is-resized\"><img fetchpriority=\"high\" decoding=\"async\" src=\"https:\/\/lfiebeyrouth.aflec-fr.org\/wp-content\/uploads\/2022\/11\/images.png\" alt=\"\" class=\"wp-image-478\" width=\"341\" height=\"158\" srcset=\"https:\/\/lfiebeyrouth.aflec-fr.org\/wp-content\/uploads\/2022\/11\/images.png 329w, https:\/\/lfiebeyrouth.aflec-fr.org\/wp-content\/uploads\/2022\/11\/images-300x140.png 300w, https:\/\/lfiebeyrouth.aflec-fr.org\/wp-content\/uploads\/2022\/11\/images-200x93.png 200w\" sizes=\"(max-width: 341px) 100vw, 341px\" \/><\/figure>\n<\/div>\n\n\n<p><strong><em>HUMANISME ET RESPECT<\/em><\/strong><\/p>\n\n\n\n<p>La valeur fondamentale qui anime l\u2019<strong>AFLEC<\/strong> est fond\u00e9e sur le respect de l\u2019individu en tant qu\u2019\u00eatre humain, quelles que soient ses origines, sa culture, sa religion, sa philosophie. Elle se r\u00e9sume en fran\u00e7ais par le mot La\u00efcit\u00e9 qui signifie que l\u2019\u00e9ducation dispens\u00e9e dans les \u00e9tablissements ne doit favoriser, propager ou privil\u00e9gier aucune ethnie, culture, religion ou philosophie. Seules sont pr\u00f4n\u00e9es les valeurs qui d\u00e9fendent l\u2019humanisme et le respect des droits humains pour les gar\u00e7ons comme pour les filles. Les sectarismes de tous ordres n\u2019y ont pas leur place.<\/p>\n\n\n\n<p><em><strong>MULTICULTURALISME ET OUVERTURE INTERNATIONALE<\/strong><\/em><\/p>\n\n\n\n<p>Conform\u00e9ment \u00e0 cet esprit, l\u2019<strong>AFLEC<\/strong> s\u2019inscrit dans un mouvement d\u2019ouverture au monde tel que les jeunes qui lui sont confi\u00e9s auront \u00e0 le conna\u00eetre. Un monde fait de nombreuses cultures et de multiples rapports humains.<\/p>\n\n\n\n<p>La devise \u00ab trois cultures, trois langues \u00bb r\u00e9sume bien cette aspiration<\/p>\n\n\n\n<p>\u00b7 Le fran\u00e7ais, langue de culture et d\u2019enseignement,<\/p>\n\n\n\n<p>\u00b7 L\u2019anglais, langue de culture, de communication internationale et qui est \u00e9galement langue d\u2019enseignement,<\/p>\n\n\n\n<p>\u00b7 La langue du pays o\u00f9 les \u00e9l\u00e8ves font leurs \u00e9tudes, notamment l\u2019arabe, langue de grande culture, parl\u00e9e par des centaines de millions de personnes.<\/p>\n\n\n\n<p><strong><em>EDUCATION ET FORMATION<\/em><\/strong><\/p>\n\n\n\n<p>L\u2019<strong>AFLEC <\/strong>consid\u00e8re que l\u2019\u00e9ducation qu\u2019elle dispense aux \u00e9l\u00e8ves doit aboutir \u00e0 la formation d\u2019un adulte qui poss\u00e8de des comp\u00e9tences qui s\u2019appuient entre autres sur :<\/p>\n\n\n\n<p>&#8211;&nbsp;&nbsp;&nbsp;&nbsp;&nbsp;&nbsp; Des savoirs \u00e9tendus et pr\u00e9cis par les m\u00e9thodes d\u2019enseignement fran\u00e7aises faites de coh\u00e9rence et d\u2019ambition d\u00e8s les petites classes, puis de rigueur et de dialogue quand l\u2019\u00e9l\u00e8ve atteint la maturit\u00e9 suffisante.<\/p>\n\n\n\n<p>&#8211;&nbsp;&nbsp;&nbsp;&nbsp;&nbsp;&nbsp; La ma\u00eetrise des techniques de l\u2019information et de la communication : m\u00e9dias traditionnels (lecture, documentation) et nouvelles technologies de l\u2019information et de la communication,<\/p>\n\n\n\n<p>&#8211;&nbsp;&nbsp;&nbsp;&nbsp;&nbsp;&nbsp; Par la pratique des langues vivantes (voir ci-dessus),<\/p>\n\n\n\n<p>&#8211;&nbsp;&nbsp;&nbsp;&nbsp;&nbsp;&nbsp; Un id\u00e9al de vie fond\u00e9 sur le respect de soi-m\u00eame et d\u2019autrui ainsi que sur le sens du devoir,<\/p>\n\n\n\n<p>&#8211;&nbsp;&nbsp;&nbsp;&nbsp;&nbsp;&nbsp; Par le respect quotidien des valeurs de l\u2019AFLEC manifest\u00e9 par l\u2019\u00e9quipe \u00e9ducative,<\/p>\n\n\n\n<p>&#8211;&nbsp;&nbsp;&nbsp;&nbsp;&nbsp;&nbsp; Par la volont\u00e9 permanente d\u2019amener nos \u00e9l\u00e8ves \u00e0 mieux appr\u00e9hender le monde qui nous environne et \u00e0 constamment am\u00e9liorer leurs capacit\u00e9s personnelles.<\/p>\n","protected":false},"excerpt":{"rendered":"<p>HUMANISME ET RESPECT La valeur fondamentale qui anime l\u2019AFLEC est fond\u00e9e sur le respect de l\u2019individu en tant qu\u2019\u00eatre humain, &hellip; <\/p>\n","protected":false},"author":1,"featured_media":0,"parent":0,"menu_order":0,"comment_status":"closed","ping_status":"closed","template":"","meta":{"footnotes":""},"class_list":["post-476","page","type-page","status-publish","hentry"],"_links":{"self":[{"href":"https:\/\/lfiebeyrouth.aflec-fr.org\/index.php?rest_route=\/wp\/v2\/pages\/476","targetHints":{"allow":["GET"]}}],"collection":[{"href":"https:\/\/lfiebeyrouth.aflec-fr.org\/index.php?rest_route=\/wp\/v2\/pages"}],"about":[{"href":"https:\/\/lfiebeyrouth.aflec-fr.org\/index.php?rest_route=\/wp\/v2\/types\/page"}],"author":[{"embeddable":true,"href":"https:\/\/lfiebeyrouth.aflec-fr.org\/index.php?rest_route=\/wp\/v2\/users\/1"}],"replies":[{"embeddable":true,"href":"https:\/\/lfiebeyrouth.aflec-fr.org\/index.php?rest_route=%2Fwp%2Fv2%2Fcomments&post=476"}],"version-history":[{"count":3,"href":"https:\/\/lfiebeyrouth.aflec-fr.org\/index.php?rest_route=\/wp\/v2\/pages\/476\/revisions"}],"predecessor-version":[{"id":482,"href":"https:\/\/lfiebeyrouth.aflec-fr.org\/index.php?rest_route=\/wp\/v2\/pages\/476\/revisions\/482"}],"wp:attachment":[{"href":"https:\/\/lfiebeyrouth.aflec-fr.org\/index.php?rest_route=%2Fwp%2Fv2%2Fmedia&parent=476"}],"curies":[{"name":"wp","href":"https:\/\/api.w.org\/{rel}","templated":true}]}}