{"id":979,"date":"2023-12-20T10:46:10","date_gmt":"2023-12-20T09:46:10","guid":{"rendered":"https:\/\/lfiebeyrouth.aflec-fr.org\/?page_id=979"},"modified":"2023-12-20T10:46:10","modified_gmt":"2023-12-20T09:46:10","slug":"bourses-scolaires","status":"publish","type":"page","link":"https:\/\/lfiebeyrouth.aflec-fr.org\/?page_id=979","title":{"rendered":"Bourses scolaires"},"content":{"rendered":"\n<p>La 1<sup>\u00e8re<\/sup>&nbsp;campagne des bourses scolaires pour&nbsp;<strong>l\u2019ann\u00e9e 2024\/2025<\/strong>&nbsp;s\u2019ouvrira aux familles&nbsp;<strong><u>le mercredi 3 janvier 2024 et se cl\u00f4turera le vendredi 16 f\u00e9vrier 2024<\/u><\/strong>.<br>Les formulaires de demande de bourses (de couleur jaune) seront \u00e0 retirer du secr\u00e9tariat du lyc\u00e9e.<br>Les dates limites et les modalit\u00e9s de d\u00e9p\u00f4t de dossier seront mises en ligne sur le site internet du Consulat g\u00e9n\u00e9ral \u2013 rubrique \u00ab&nbsp;bourses scolaires&nbsp;\u00bb.<br>Veuillez consulter l\u2019affiche jointe pr\u00e9sentant la campagne de bourses 2024\/2025.<\/p>\n\n\n\n<div data-wp-interactive=\"core\/file\" class=\"wp-block-file\"><object data-wp-bind--hidden=\"!state.hasPdfPreview\" hidden class=\"wp-block-file__embed\" data=\"https:\/\/lfiebeyrouth.aflec-fr.org\/wp-content\/uploads\/2023\/12\/Affiche-1ere-campagne-des-bourses-scolaires-2024-2025.pdf\" type=\"application\/pdf\" style=\"width:100%;height:600px\" aria-label=\"Contenu embarqu\u00e9 Affiche-1ere-campagne-des-bourses-scolaires-2024-2025.\"><\/object><a id=\"wp-block-file--media-b0d138b2-54fb-46a8-b29d-fa7413419bd8\" href=\"https:\/\/lfiebeyrouth.aflec-fr.org\/wp-content\/uploads\/2023\/12\/Affiche-1ere-campagne-des-bourses-scolaires-2024-2025.pdf\">Affiche-1ere-campagne-des-bourses-scolaires-2024-2025<\/a><a href=\"https:\/\/lfiebeyrouth.aflec-fr.org\/wp-content\/uploads\/2023\/12\/Affiche-1ere-campagne-des-bourses-scolaires-2024-2025.pdf\" class=\"wp-block-file__button wp-element-button\" download aria-describedby=\"wp-block-file--media-b0d138b2-54fb-46a8-b29d-fa7413419bd8\">Download<\/a><\/div>\n","protected":false},"excerpt":{"rendered":"<p>La 1\u00e8re&nbsp;campagne des bourses scolaires pour&nbsp;l\u2019ann\u00e9e 2024\/2025&nbsp;s\u2019ouvrira aux familles&nbsp;le mercredi 3 janvier 2024 et se cl\u00f4turera le vendredi 16 f\u00e9vrier &hellip; <\/p>\n","protected":false},"author":1,"featured_media":0,"parent":0,"menu_order":0,"comment_status":"closed","ping_status":"closed","template":"","meta":{"footnotes":""},"class_list":["post-979","page","type-page","status-publish","hentry"],"_links":{"self":[{"href":"https:\/\/lfiebeyrouth.aflec-fr.org\/index.php?rest_route=\/wp\/v2\/pages\/979","targetHints":{"allow":["GET"]}}],"collection":[{"href":"https:\/\/lfiebeyrouth.aflec-fr.org\/index.php?rest_route=\/wp\/v2\/pages"}],"about":[{"href":"https:\/\/lfiebeyrouth.aflec-fr.org\/index.php?rest_route=\/wp\/v2\/types\/page"}],"author":[{"embeddable":true,"href":"https:\/\/lfiebeyrouth.aflec-fr.org\/index.php?rest_route=\/wp\/v2\/users\/1"}],"replies":[{"embeddable":true,"href":"https:\/\/lfiebeyrouth.aflec-fr.org\/index.php?rest_route=%2Fwp%2Fv2%2Fcomments&post=979"}],"version-history":[{"count":1,"href":"https:\/\/lfiebeyrouth.aflec-fr.org\/index.php?rest_route=\/wp\/v2\/pages\/979\/revisions"}],"predecessor-version":[{"id":981,"href":"https:\/\/lfiebeyrouth.aflec-fr.org\/index.php?rest_route=\/wp\/v2\/pages\/979\/revisions\/981"}],"wp:attachment":[{"href":"https:\/\/lfiebeyrouth.aflec-fr.org\/index.php?rest_route=%2Fwp%2Fv2%2Fmedia&parent=979"}],"curies":[{"name":"wp","href":"https:\/\/api.w.org\/{rel}","templated":true}]}}